{"id":855,"date":"2022-03-24T11:18:32","date_gmt":"2022-03-24T11:18:32","guid":{"rendered":"http:\/\/206.221.182.74\/~getgo163\/SGT\/?page_id=855"},"modified":"2025-07-22T01:18:00","modified_gmt":"2025-07-22T01:18:00","slug":"gestion-de-la-qualite-des-vetements-pour-enfants","status":"publish","type":"page","link":"https:\/\/www.sgtgroup.net\/fr\/gestion-de-la-qualite-des-vetements-pour-enfants\/","title":{"rendered":"Gestion de la qualit\u00e9 des v\u00eatements pour enfants"},"content":{"rendered":"","protected":false},"excerpt":{"rendered":"","protected":false},"author":2,"featured_media":0,"parent":0,"menu_order":0,"comment_status":"closed","ping_status":"closed","template":"","meta":{"footnotes":""},"class_list":["post-855","page","type-page","status-publish","hentry","entry"],"acf":[],"yoast_head":"<!-- This site is optimized with the Yoast SEO Premium plugin v22.5 (Yoast SEO v22.5) - https:\/\/yoast.com\/wordpress\/plugins\/seo\/ -->\n<title>SgT, Textile Quality Experts | Children\u2019s Wear Quality Management<\/title>\n<meta name=\"description\" content=\"With inspection, audits, and testing, SgT helps you secure children\u2019s wear products that are safe and comply with your destination markets.\" \/>\n<meta name=\"robots\" content=\"index, follow, max-snippet:-1, max-image-preview:large, max-video-preview:-1\" \/>\n<link rel=\"canonical\" href=\"https:\/\/www.sgtgroup.net\/fr\/gestion-de-la-qualite-des-vetements-pour-enfants\/\" \/>\n<meta property=\"og:locale\" content=\"fr_FR\" \/>\n<meta property=\"og:type\" content=\"article\" \/>\n<meta property=\"og:title\" content=\"Children\u2019s Wear Quality Management\" \/>\n<meta property=\"og:description\" content=\"With inspection, audits, and testing, SgT helps you secure children\u2019s wear products that are safe and comply with your destination markets.\" \/>\n<meta property=\"og:url\" content=\"https:\/\/www.sgtgroup.net\/fr\/gestion-de-la-qualite-des-vetements-pour-enfants\/\" \/>\n<meta property=\"og:site_name\" content=\"SgT, The Textile Quality Experts\" \/>\n<meta property=\"article:modified_time\" content=\"2025-07-22T01:18:00+00:00\" \/>\n<meta name=\"twitter:card\" content=\"summary_large_image\" \/>\n<script type=\"application\/ld+json\" class=\"yoast-schema-graph\">{\"@context\":\"https:\/\/schema.org\",\"@graph\":[{\"@type\":\"WebPage\",\"@id\":\"https:\/\/www.sgtgroup.net\/childrens-wear-quality-management\/\",\"url\":\"https:\/\/www.sgtgroup.net\/childrens-wear-quality-management\/\",\"name\":\"SgT, Textile Quality Experts | Children\u2019s Wear Quality Management\",\"isPartOf\":{\"@id\":\"https:\/\/www.sgtgroup.net\/#website\"},\"datePublished\":\"2022-03-24T11:18:32+00:00\",\"dateModified\":\"2025-07-22T01:18:00+00:00\",\"description\":\"With inspection, audits, and testing, SgT helps you secure children\u2019s wear products that are safe and comply with your destination markets.\",\"breadcrumb\":{\"@id\":\"https:\/\/www.sgtgroup.net\/childrens-wear-quality-management\/#breadcrumb\"},\"inLanguage\":\"fr-FR\",\"potentialAction\":[{\"@type\":\"ReadAction\",\"target\":[\"https:\/\/www.sgtgroup.net\/childrens-wear-quality-management\/\"]}]},{\"@type\":\"BreadcrumbList\",\"@id\":\"https:\/\/www.sgtgroup.net\/childrens-wear-quality-management\/#breadcrumb\",\"itemListElement\":[{\"@type\":\"ListItem\",\"position\":1,\"name\":\"Home\",\"item\":\"https:\/\/www.sgtgroup.net\/\"},{\"@type\":\"ListItem\",\"position\":2,\"name\":\"Children\u2019s Wear Quality Management\"}]},{\"@type\":\"WebSite\",\"@id\":\"https:\/\/www.sgtgroup.net\/#website\",\"url\":\"https:\/\/www.sgtgroup.net\/\",\"name\":\"SgT, The Textile Quality Experts\",\"description\":\"\",\"publisher\":{\"@id\":\"https:\/\/www.sgtgroup.net\/#organization\"},\"potentialAction\":[{\"@type\":\"SearchAction\",\"target\":{\"@type\":\"EntryPoint\",\"urlTemplate\":\"https:\/\/www.sgtgroup.net\/?s={search_term_string}\"},\"query-input\":\"required name=search_term_string\"}],\"inLanguage\":\"fr-FR\"},{\"@type\":\"Organization\",\"@id\":\"https:\/\/www.sgtgroup.net\/#organization\",\"name\":\"SgT, The Textile Quality Experts\",\"url\":\"https:\/\/www.sgtgroup.net\/\",\"logo\":{\"@type\":\"ImageObject\",\"inLanguage\":\"fr-FR\",\"@id\":\"https:\/\/www.sgtgroup.net\/#\/schema\/logo\/image\/\",\"url\":\"https:\/\/www.sgtgroup.net\/wp-content\/uploads\/2022\/03\/logo_sgt.png\",\"contentUrl\":\"https:\/\/www.sgtgroup.net\/wp-content\/uploads\/2022\/03\/logo_sgt.png\",\"width\":208,\"height\":194,\"caption\":\"SgT, The Textile Quality Experts\"},\"image\":{\"@id\":\"https:\/\/www.sgtgroup.net\/#\/schema\/logo\/image\/\"},\"sameAs\":[\"https:\/\/youtube.com\/@sgtgroup4075\",\"https:\/\/www.linkedin.com\/company\/sgt-group\"]}]}<\/script>\n<!-- \/ Yoast SEO Premium plugin. -->","yoast_head_json":{"title":"SgT, experts en qualit\u00e9 textile | Gestion de la qualit\u00e9 des v\u00eatements pour enfants","description":"Gr\u00e2ce \u00e0 des inspections, des audits et des tests, SgT vous aide \u00e0 obtenir des v\u00eatements pour enfants s\u00fbrs et conformes \u00e0 vos march\u00e9s de destination.","robots":{"index":"index","follow":"follow","max-snippet":"max-snippet:-1","max-image-preview":"max-image-preview:large","max-video-preview":"max-video-preview:-1"},"canonical":"https:\/\/www.sgtgroup.net\/fr\/gestion-de-la-qualite-des-vetements-pour-enfants\/","og_locale":"fr_FR","og_type":"article","og_title":"Children\u2019s Wear Quality Management","og_description":"With inspection, audits, and testing, SgT helps you secure children\u2019s wear products that are safe and comply with your destination markets.","og_url":"https:\/\/www.sgtgroup.net\/fr\/gestion-de-la-qualite-des-vetements-pour-enfants\/","og_site_name":"SgT, The Textile Quality Experts","article_modified_time":"2025-07-22T01:18:00+00:00","twitter_card":"summary_large_image","schema":{"@context":"https:\/\/schema.org","@graph":[{"@type":"WebPage","@id":"https:\/\/www.sgtgroup.net\/childrens-wear-quality-management\/","url":"https:\/\/www.sgtgroup.net\/childrens-wear-quality-management\/","name":"SgT, experts en qualit\u00e9 textile | Gestion de la qualit\u00e9 des v\u00eatements pour enfants","isPartOf":{"@id":"https:\/\/www.sgtgroup.net\/#website"},"datePublished":"2022-03-24T11:18:32+00:00","dateModified":"2025-07-22T01:18:00+00:00","description":"Gr\u00e2ce \u00e0 des inspections, des audits et des tests, SgT vous aide \u00e0 obtenir des v\u00eatements pour enfants s\u00fbrs et conformes \u00e0 vos march\u00e9s de destination.","breadcrumb":{"@id":"https:\/\/www.sgtgroup.net\/childrens-wear-quality-management\/#breadcrumb"},"inLanguage":"fr-FR","potentialAction":[{"@type":"ReadAction","target":["https:\/\/www.sgtgroup.net\/childrens-wear-quality-management\/"]}]},{"@type":"BreadcrumbList","@id":"https:\/\/www.sgtgroup.net\/childrens-wear-quality-management\/#breadcrumb","itemListElement":[{"@type":"ListItem","position":1,"name":"Home","item":"https:\/\/www.sgtgroup.net\/"},{"@type":"ListItem","position":2,"name":"Children\u2019s Wear Quality Management"}]},{"@type":"WebSite","@id":"https:\/\/www.sgtgroup.net\/#website","url":"https:\/\/www.sgtgroup.net\/","name":"SgT, les experts de la qualit\u00e9 textile","description":"","publisher":{"@id":"https:\/\/www.sgtgroup.net\/#organization"},"potentialAction":[{"@type":"SearchAction","target":{"@type":"EntryPoint","urlTemplate":"https:\/\/www.sgtgroup.net\/?s={search_term_string}"},"query-input":"required name=search_term_string"}],"inLanguage":"fr-FR"},{"@type":"Organization","@id":"https:\/\/www.sgtgroup.net\/#organization","name":"SgT, les experts de la qualit\u00e9 textile","url":"https:\/\/www.sgtgroup.net\/","logo":{"@type":"ImageObject","inLanguage":"fr-FR","@id":"https:\/\/www.sgtgroup.net\/#\/schema\/logo\/image\/","url":"https:\/\/www.sgtgroup.net\/wp-content\/uploads\/2022\/03\/logo_sgt.png","contentUrl":"https:\/\/www.sgtgroup.net\/wp-content\/uploads\/2022\/03\/logo_sgt.png","width":208,"height":194,"caption":"SgT, The Textile Quality Experts"},"image":{"@id":"https:\/\/www.sgtgroup.net\/#\/schema\/logo\/image\/"},"sameAs":["https:\/\/youtube.com\/@sgtgroup4075","https:\/\/www.linkedin.com\/company\/sgt-group"]}]}},"_links":{"self":[{"href":"https:\/\/www.sgtgroup.net\/fr\/wp-json\/wp\/v2\/pages\/855","targetHints":{"allow":["GET"]}}],"collection":[{"href":"https:\/\/www.sgtgroup.net\/fr\/wp-json\/wp\/v2\/pages"}],"about":[{"href":"https:\/\/www.sgtgroup.net\/fr\/wp-json\/wp\/v2\/types\/page"}],"author":[{"embeddable":true,"href":"https:\/\/www.sgtgroup.net\/fr\/wp-json\/wp\/v2\/users\/2"}],"replies":[{"embeddable":true,"href":"https:\/\/www.sgtgroup.net\/fr\/wp-json\/wp\/v2\/comments?post=855"}],"version-history":[{"count":0,"href":"https:\/\/www.sgtgroup.net\/fr\/wp-json\/wp\/v2\/pages\/855\/revisions"}],"wp:attachment":[{"href":"https:\/\/www.sgtgroup.net\/fr\/wp-json\/wp\/v2\/media?parent=855"}],"curies":[{"name":"wp","href":"https:\/\/api.w.org\/{rel}","templated":true}]}}