{"id":644,"date":"2022-03-23T08:47:16","date_gmt":"2022-03-23T08:47:16","guid":{"rendered":"http:\/\/206.221.182.74\/~getgo163\/SGT\/?page_id=644"},"modified":"2025-07-22T01:20:24","modified_gmt":"2025-07-22T01:20:24","slug":"vetements-de-sport-vetements-dexterieur-gestion-de-la-qualite","status":"publish","type":"page","link":"https:\/\/www.sgtgroup.net\/fr\/vetements-de-sport-vetements-dexterieur-gestion-de-la-qualite\/","title":{"rendered":"Gestion de la qualit\u00e9 des v\u00eatements de sport et de plein air"},"content":{"rendered":"","protected":false},"excerpt":{"rendered":"","protected":false},"author":2,"featured_media":0,"parent":0,"menu_order":0,"comment_status":"closed","ping_status":"closed","template":"","meta":{"footnotes":""},"class_list":["post-644","page","type-page","status-publish","hentry","entry"],"acf":[],"yoast_head":"<!-- This site is optimized with the Yoast SEO Premium plugin v22.5 (Yoast SEO v22.5) - https:\/\/yoast.com\/wordpress\/plugins\/seo\/ -->\n<title>Sportswear and Outdoor Clothing Quality Management<\/title>\n<meta name=\"description\" content=\"SgT has 30+ years of experience in the quality management of textiles and technical\/functional products. Solutions: Quality control, Audits..\" \/>\n<meta name=\"robots\" content=\"index, follow, max-snippet:-1, max-image-preview:large, max-video-preview:-1\" \/>\n<link rel=\"canonical\" href=\"https:\/\/www.sgtgroup.net\/fr\/vetements-de-sport-vetements-dexterieur-gestion-de-la-qualite\/\" \/>\n<meta property=\"og:locale\" content=\"fr_FR\" \/>\n<meta property=\"og:type\" content=\"article\" \/>\n<meta property=\"og:title\" content=\"Sportswear and Outdoor Clothing Quality Management\" \/>\n<meta property=\"og:description\" content=\"SgT has 30+ years of experience in the quality management of textiles and technical\/functional products. Solutions: Quality control, Audits..\" \/>\n<meta property=\"og:url\" content=\"https:\/\/www.sgtgroup.net\/fr\/vetements-de-sport-vetements-dexterieur-gestion-de-la-qualite\/\" \/>\n<meta property=\"og:site_name\" content=\"SgT, The Textile Quality Experts\" \/>\n<meta property=\"article:modified_time\" content=\"2025-07-22T01:20:24+00:00\" \/>\n<meta name=\"twitter:card\" content=\"summary_large_image\" \/>\n<script type=\"application\/ld+json\" class=\"yoast-schema-graph\">{\"@context\":\"https:\/\/schema.org\",\"@graph\":[{\"@type\":\"WebPage\",\"@id\":\"https:\/\/www.sgtgroup.net\/sportswear-outdoor-clothing-quality-management\/\",\"url\":\"https:\/\/www.sgtgroup.net\/sportswear-outdoor-clothing-quality-management\/\",\"name\":\"Sportswear and Outdoor Clothing Quality Management\",\"isPartOf\":{\"@id\":\"https:\/\/www.sgtgroup.net\/#website\"},\"datePublished\":\"2022-03-23T08:47:16+00:00\",\"dateModified\":\"2025-07-22T01:20:24+00:00\",\"description\":\"SgT has 30+ years of experience in the quality management of textiles and technical\/functional products. Solutions: Quality control, Audits..\",\"breadcrumb\":{\"@id\":\"https:\/\/www.sgtgroup.net\/sportswear-outdoor-clothing-quality-management\/#breadcrumb\"},\"inLanguage\":\"fr-FR\",\"potentialAction\":[{\"@type\":\"ReadAction\",\"target\":[\"https:\/\/www.sgtgroup.net\/sportswear-outdoor-clothing-quality-management\/\"]}]},{\"@type\":\"BreadcrumbList\",\"@id\":\"https:\/\/www.sgtgroup.net\/sportswear-outdoor-clothing-quality-management\/#breadcrumb\",\"itemListElement\":[{\"@type\":\"ListItem\",\"position\":1,\"name\":\"Home\",\"item\":\"https:\/\/www.sgtgroup.net\/\"},{\"@type\":\"ListItem\",\"position\":2,\"name\":\"Sportswear and Outdoor Clothing Quality Management\"}]},{\"@type\":\"WebSite\",\"@id\":\"https:\/\/www.sgtgroup.net\/#website\",\"url\":\"https:\/\/www.sgtgroup.net\/\",\"name\":\"SgT, The Textile Quality Experts\",\"description\":\"\",\"publisher\":{\"@id\":\"https:\/\/www.sgtgroup.net\/#organization\"},\"potentialAction\":[{\"@type\":\"SearchAction\",\"target\":{\"@type\":\"EntryPoint\",\"urlTemplate\":\"https:\/\/www.sgtgroup.net\/?s={search_term_string}\"},\"query-input\":\"required name=search_term_string\"}],\"inLanguage\":\"fr-FR\"},{\"@type\":\"Organization\",\"@id\":\"https:\/\/www.sgtgroup.net\/#organization\",\"name\":\"SgT, The Textile Quality Experts\",\"url\":\"https:\/\/www.sgtgroup.net\/\",\"logo\":{\"@type\":\"ImageObject\",\"inLanguage\":\"fr-FR\",\"@id\":\"https:\/\/www.sgtgroup.net\/#\/schema\/logo\/image\/\",\"url\":\"https:\/\/www.sgtgroup.net\/wp-content\/uploads\/2022\/03\/logo_sgt.png\",\"contentUrl\":\"https:\/\/www.sgtgroup.net\/wp-content\/uploads\/2022\/03\/logo_sgt.png\",\"width\":208,\"height\":194,\"caption\":\"SgT, The Textile Quality Experts\"},\"image\":{\"@id\":\"https:\/\/www.sgtgroup.net\/#\/schema\/logo\/image\/\"},\"sameAs\":[\"https:\/\/youtube.com\/@sgtgroup4075\",\"https:\/\/www.linkedin.com\/company\/sgt-group\"]}]}<\/script>\n<!-- \/ Yoast SEO Premium plugin. -->","yoast_head_json":{"title":"Gestion de la qualit\u00e9 des v\u00eatements de sport et de plein air","description":"SgT a plus de 30 ans d'exp\u00e9rience dans la gestion de la qualit\u00e9 des textiles et des produits techniques\/fonctionnels. Solutions : Contr\u00f4le de la qualit\u00e9, audits...","robots":{"index":"index","follow":"follow","max-snippet":"max-snippet:-1","max-image-preview":"max-image-preview:large","max-video-preview":"max-video-preview:-1"},"canonical":"https:\/\/www.sgtgroup.net\/fr\/vetements-de-sport-vetements-dexterieur-gestion-de-la-qualite\/","og_locale":"fr_FR","og_type":"article","og_title":"Sportswear and Outdoor Clothing Quality Management","og_description":"SgT has 30+ years of experience in the quality management of textiles and technical\/functional products. Solutions: Quality control, Audits..","og_url":"https:\/\/www.sgtgroup.net\/fr\/vetements-de-sport-vetements-dexterieur-gestion-de-la-qualite\/","og_site_name":"SgT, The Textile Quality Experts","article_modified_time":"2025-07-22T01:20:24+00:00","twitter_card":"summary_large_image","schema":{"@context":"https:\/\/schema.org","@graph":[{"@type":"WebPage","@id":"https:\/\/www.sgtgroup.net\/sportswear-outdoor-clothing-quality-management\/","url":"https:\/\/www.sgtgroup.net\/sportswear-outdoor-clothing-quality-management\/","name":"Gestion de la qualit\u00e9 des v\u00eatements de sport et de plein air","isPartOf":{"@id":"https:\/\/www.sgtgroup.net\/#website"},"datePublished":"2022-03-23T08:47:16+00:00","dateModified":"2025-07-22T01:20:24+00:00","description":"SgT a plus de 30 ans d'exp\u00e9rience dans la gestion de la qualit\u00e9 des textiles et des produits techniques\/fonctionnels. Solutions : Contr\u00f4le de la qualit\u00e9, audits...","breadcrumb":{"@id":"https:\/\/www.sgtgroup.net\/sportswear-outdoor-clothing-quality-management\/#breadcrumb"},"inLanguage":"fr-FR","potentialAction":[{"@type":"ReadAction","target":["https:\/\/www.sgtgroup.net\/sportswear-outdoor-clothing-quality-management\/"]}]},{"@type":"BreadcrumbList","@id":"https:\/\/www.sgtgroup.net\/sportswear-outdoor-clothing-quality-management\/#breadcrumb","itemListElement":[{"@type":"ListItem","position":1,"name":"Home","item":"https:\/\/www.sgtgroup.net\/"},{"@type":"ListItem","position":2,"name":"Sportswear and Outdoor Clothing Quality Management"}]},{"@type":"WebSite","@id":"https:\/\/www.sgtgroup.net\/#website","url":"https:\/\/www.sgtgroup.net\/","name":"SgT, les experts de la qualit\u00e9 textile","description":"","publisher":{"@id":"https:\/\/www.sgtgroup.net\/#organization"},"potentialAction":[{"@type":"SearchAction","target":{"@type":"EntryPoint","urlTemplate":"https:\/\/www.sgtgroup.net\/?s={search_term_string}"},"query-input":"required name=search_term_string"}],"inLanguage":"fr-FR"},{"@type":"Organization","@id":"https:\/\/www.sgtgroup.net\/#organization","name":"SgT, les experts de la qualit\u00e9 textile","url":"https:\/\/www.sgtgroup.net\/","logo":{"@type":"ImageObject","inLanguage":"fr-FR","@id":"https:\/\/www.sgtgroup.net\/#\/schema\/logo\/image\/","url":"https:\/\/www.sgtgroup.net\/wp-content\/uploads\/2022\/03\/logo_sgt.png","contentUrl":"https:\/\/www.sgtgroup.net\/wp-content\/uploads\/2022\/03\/logo_sgt.png","width":208,"height":194,"caption":"SgT, The Textile Quality Experts"},"image":{"@id":"https:\/\/www.sgtgroup.net\/#\/schema\/logo\/image\/"},"sameAs":["https:\/\/youtube.com\/@sgtgroup4075","https:\/\/www.linkedin.com\/company\/sgt-group"]}]}},"_links":{"self":[{"href":"https:\/\/www.sgtgroup.net\/fr\/wp-json\/wp\/v2\/pages\/644","targetHints":{"allow":["GET"]}}],"collection":[{"href":"https:\/\/www.sgtgroup.net\/fr\/wp-json\/wp\/v2\/pages"}],"about":[{"href":"https:\/\/www.sgtgroup.net\/fr\/wp-json\/wp\/v2\/types\/page"}],"author":[{"embeddable":true,"href":"https:\/\/www.sgtgroup.net\/fr\/wp-json\/wp\/v2\/users\/2"}],"replies":[{"embeddable":true,"href":"https:\/\/www.sgtgroup.net\/fr\/wp-json\/wp\/v2\/comments?post=644"}],"version-history":[{"count":0,"href":"https:\/\/www.sgtgroup.net\/fr\/wp-json\/wp\/v2\/pages\/644\/revisions"}],"wp:attachment":[{"href":"https:\/\/www.sgtgroup.net\/fr\/wp-json\/wp\/v2\/media?parent=644"}],"curies":[{"name":"wp","href":"https:\/\/api.w.org\/{rel}","templated":true}]}}