{"id":1988,"date":"2022-05-16T11:01:13","date_gmt":"2022-05-16T11:01:13","guid":{"rendered":"http:\/\/206.221.182.74\/~getgo163\/SGT\/?page_id=1988"},"modified":"2024-03-21T17:48:52","modified_gmt":"2024-03-21T17:48:52","slug":"academie-des-textiles-durables","status":"publish","type":"page","link":"https:\/\/www.sgtgroup.net\/fr\/academie-des-textiles-durables\/","title":{"rendered":"Acad\u00e9mie des textiles durables"},"content":{"rendered":"","protected":false},"excerpt":{"rendered":"","protected":false},"author":1,"featured_media":0,"parent":0,"menu_order":0,"comment_status":"closed","ping_status":"closed","template":"template-single-service.php","meta":{"footnotes":""},"class_list":["post-1988","page","type-page","status-publish","hentry","entry"],"acf":[],"yoast_head":"<!-- This site is optimized with the Yoast SEO Premium plugin v22.5 (Yoast SEO v22.5) - https:\/\/yoast.com\/wordpress\/plugins\/seo\/ -->\n<title>Sustainable Textiles Academy - SgT, The Textile Quality Experts<\/title>\n<meta name=\"description\" content=\"Gain sustainability knowledge with training classes &amp; resources. Training can also be customised to a specific topic and in your language.\" \/>\n<meta name=\"robots\" content=\"index, follow, max-snippet:-1, max-image-preview:large, max-video-preview:-1\" \/>\n<link rel=\"canonical\" href=\"https:\/\/www.sgtgroup.net\/fr\/academie-des-textiles-durables\/\" \/>\n<meta property=\"og:locale\" content=\"fr_FR\" \/>\n<meta property=\"og:type\" content=\"article\" \/>\n<meta property=\"og:title\" content=\"Sustainable Textiles Academy\" \/>\n<meta property=\"og:description\" content=\"Gain sustainability knowledge with training classes &amp; resources. Training can also be customised to a specific topic and in your language.\" \/>\n<meta property=\"og:url\" content=\"https:\/\/www.sgtgroup.net\/fr\/academie-des-textiles-durables\/\" \/>\n<meta property=\"og:site_name\" content=\"SgT, The Textile Quality Experts\" \/>\n<meta property=\"article:modified_time\" content=\"2024-03-21T17:48:52+00:00\" \/>\n<meta name=\"twitter:card\" content=\"summary_large_image\" \/>\n<script type=\"application\/ld+json\" class=\"yoast-schema-graph\">{\"@context\":\"https:\/\/schema.org\",\"@graph\":[{\"@type\":\"WebPage\",\"@id\":\"https:\/\/www.sgtgroup.net\/sustainable-textiles-academy\/\",\"url\":\"https:\/\/www.sgtgroup.net\/sustainable-textiles-academy\/\",\"name\":\"Sustainable Textiles Academy - SgT, The Textile Quality Experts\",\"isPartOf\":{\"@id\":\"https:\/\/www.sgtgroup.net\/#website\"},\"datePublished\":\"2022-05-16T11:01:13+00:00\",\"dateModified\":\"2024-03-21T17:48:52+00:00\",\"description\":\"Gain sustainability knowledge with training classes & resources. Training can also be customised to a specific topic and in your language.\",\"breadcrumb\":{\"@id\":\"https:\/\/www.sgtgroup.net\/sustainable-textiles-academy\/#breadcrumb\"},\"inLanguage\":\"fr-FR\",\"potentialAction\":[{\"@type\":\"ReadAction\",\"target\":[\"https:\/\/www.sgtgroup.net\/sustainable-textiles-academy\/\"]}]},{\"@type\":\"BreadcrumbList\",\"@id\":\"https:\/\/www.sgtgroup.net\/sustainable-textiles-academy\/#breadcrumb\",\"itemListElement\":[{\"@type\":\"ListItem\",\"position\":1,\"name\":\"Home\",\"item\":\"https:\/\/www.sgtgroup.net\/\"},{\"@type\":\"ListItem\",\"position\":2,\"name\":\"Sustainable Textiles Academy\"}]},{\"@type\":\"WebSite\",\"@id\":\"https:\/\/www.sgtgroup.net\/#website\",\"url\":\"https:\/\/www.sgtgroup.net\/\",\"name\":\"SgT, The Textile Quality Experts\",\"description\":\"\",\"publisher\":{\"@id\":\"https:\/\/www.sgtgroup.net\/#organization\"},\"potentialAction\":[{\"@type\":\"SearchAction\",\"target\":{\"@type\":\"EntryPoint\",\"urlTemplate\":\"https:\/\/www.sgtgroup.net\/?s={search_term_string}\"},\"query-input\":\"required name=search_term_string\"}],\"inLanguage\":\"fr-FR\"},{\"@type\":\"Organization\",\"@id\":\"https:\/\/www.sgtgroup.net\/#organization\",\"name\":\"SgT, The Textile Quality Experts\",\"url\":\"https:\/\/www.sgtgroup.net\/\",\"logo\":{\"@type\":\"ImageObject\",\"inLanguage\":\"fr-FR\",\"@id\":\"https:\/\/www.sgtgroup.net\/#\/schema\/logo\/image\/\",\"url\":\"https:\/\/www.sgtgroup.net\/wp-content\/uploads\/2022\/03\/logo_sgt.png\",\"contentUrl\":\"https:\/\/www.sgtgroup.net\/wp-content\/uploads\/2022\/03\/logo_sgt.png\",\"width\":208,\"height\":194,\"caption\":\"SgT, The Textile Quality Experts\"},\"image\":{\"@id\":\"https:\/\/www.sgtgroup.net\/#\/schema\/logo\/image\/\"},\"sameAs\":[\"https:\/\/youtube.com\/@sgtgroup4075\",\"https:\/\/www.linkedin.com\/company\/sgt-group\"]}]}<\/script>\n<!-- \/ Yoast SEO Premium plugin. -->","yoast_head_json":{"title":"Acad\u00e9mie des textiles durables - SgT, The Textile Quality Experts","description":"Acqu\u00e9rir des connaissances sur le d\u00e9veloppement durable gr\u00e2ce \u00e0 des cours de formation et des ressources. La formation peut \u00e9galement \u00eatre personnalis\u00e9e sur un sujet sp\u00e9cifique et dans votre langue.","robots":{"index":"index","follow":"follow","max-snippet":"max-snippet:-1","max-image-preview":"max-image-preview:large","max-video-preview":"max-video-preview:-1"},"canonical":"https:\/\/www.sgtgroup.net\/fr\/academie-des-textiles-durables\/","og_locale":"fr_FR","og_type":"article","og_title":"Sustainable Textiles Academy","og_description":"Gain sustainability knowledge with training classes & resources. Training can also be customised to a specific topic and in your language.","og_url":"https:\/\/www.sgtgroup.net\/fr\/academie-des-textiles-durables\/","og_site_name":"SgT, The Textile Quality Experts","article_modified_time":"2024-03-21T17:48:52+00:00","twitter_card":"summary_large_image","schema":{"@context":"https:\/\/schema.org","@graph":[{"@type":"WebPage","@id":"https:\/\/www.sgtgroup.net\/sustainable-textiles-academy\/","url":"https:\/\/www.sgtgroup.net\/sustainable-textiles-academy\/","name":"Acad\u00e9mie des textiles durables - SgT, The Textile Quality Experts","isPartOf":{"@id":"https:\/\/www.sgtgroup.net\/#website"},"datePublished":"2022-05-16T11:01:13+00:00","dateModified":"2024-03-21T17:48:52+00:00","description":"Acqu\u00e9rir des connaissances sur le d\u00e9veloppement durable gr\u00e2ce \u00e0 des cours de formation et des ressources. La formation peut \u00e9galement \u00eatre personnalis\u00e9e sur un sujet sp\u00e9cifique et dans votre langue.","breadcrumb":{"@id":"https:\/\/www.sgtgroup.net\/sustainable-textiles-academy\/#breadcrumb"},"inLanguage":"fr-FR","potentialAction":[{"@type":"ReadAction","target":["https:\/\/www.sgtgroup.net\/sustainable-textiles-academy\/"]}]},{"@type":"BreadcrumbList","@id":"https:\/\/www.sgtgroup.net\/sustainable-textiles-academy\/#breadcrumb","itemListElement":[{"@type":"ListItem","position":1,"name":"Home","item":"https:\/\/www.sgtgroup.net\/"},{"@type":"ListItem","position":2,"name":"Sustainable Textiles Academy"}]},{"@type":"WebSite","@id":"https:\/\/www.sgtgroup.net\/#website","url":"https:\/\/www.sgtgroup.net\/","name":"SgT, les experts de la qualit\u00e9 textile","description":"","publisher":{"@id":"https:\/\/www.sgtgroup.net\/#organization"},"potentialAction":[{"@type":"SearchAction","target":{"@type":"EntryPoint","urlTemplate":"https:\/\/www.sgtgroup.net\/?s={search_term_string}"},"query-input":"required name=search_term_string"}],"inLanguage":"fr-FR"},{"@type":"Organization","@id":"https:\/\/www.sgtgroup.net\/#organization","name":"SgT, les experts de la qualit\u00e9 textile","url":"https:\/\/www.sgtgroup.net\/","logo":{"@type":"ImageObject","inLanguage":"fr-FR","@id":"https:\/\/www.sgtgroup.net\/#\/schema\/logo\/image\/","url":"https:\/\/www.sgtgroup.net\/wp-content\/uploads\/2022\/03\/logo_sgt.png","contentUrl":"https:\/\/www.sgtgroup.net\/wp-content\/uploads\/2022\/03\/logo_sgt.png","width":208,"height":194,"caption":"SgT, The Textile Quality Experts"},"image":{"@id":"https:\/\/www.sgtgroup.net\/#\/schema\/logo\/image\/"},"sameAs":["https:\/\/youtube.com\/@sgtgroup4075","https:\/\/www.linkedin.com\/company\/sgt-group"]}]}},"_links":{"self":[{"href":"https:\/\/www.sgtgroup.net\/fr\/wp-json\/wp\/v2\/pages\/1988","targetHints":{"allow":["GET"]}}],"collection":[{"href":"https:\/\/www.sgtgroup.net\/fr\/wp-json\/wp\/v2\/pages"}],"about":[{"href":"https:\/\/www.sgtgroup.net\/fr\/wp-json\/wp\/v2\/types\/page"}],"author":[{"embeddable":true,"href":"https:\/\/www.sgtgroup.net\/fr\/wp-json\/wp\/v2\/users\/1"}],"replies":[{"embeddable":true,"href":"https:\/\/www.sgtgroup.net\/fr\/wp-json\/wp\/v2\/comments?post=1988"}],"version-history":[{"count":0,"href":"https:\/\/www.sgtgroup.net\/fr\/wp-json\/wp\/v2\/pages\/1988\/revisions"}],"wp:attachment":[{"href":"https:\/\/www.sgtgroup.net\/fr\/wp-json\/wp\/v2\/media?parent=1988"}],"curies":[{"name":"wp","href":"https:\/\/api.w.org\/{rel}","templated":true}]}}