{"id":1922,"date":"2022-05-13T10:50:27","date_gmt":"2022-05-13T10:50:27","guid":{"rendered":"http:\/\/206.221.182.74\/~getgo163\/SGT\/?page_id=1922"},"modified":"2023-11-20T18:15:41","modified_gmt":"2023-11-20T18:15:41","slug":"inspection-en-debut-de-production","status":"publish","type":"page","link":"https:\/\/www.sgtgroup.net\/fr\/inspection-en-debut-de-production\/","title":{"rendered":"Inspection en d\u00e9but de production"},"content":{"rendered":"","protected":false},"excerpt":{"rendered":"","protected":false},"author":1,"featured_media":0,"parent":0,"menu_order":0,"comment_status":"closed","ping_status":"closed","template":"template-single-service.php","meta":{"footnotes":""},"class_list":["post-1922","page","type-page","status-publish","hentry","entry"],"acf":[],"yoast_head":"<!-- This site is optimized with the Yoast SEO Premium plugin v22.5 (Yoast SEO v22.5) - https:\/\/yoast.com\/wordpress\/plugins\/seo\/ -->\n<title>Top of Production Inspection - SgT, The Textile Quality Experts<\/title>\n<meta name=\"description\" content=\"Perform Top of Production inspection when 3% to 5% of an order is ready. Identify quality issues before a full production has been completed.\" \/>\n<meta name=\"robots\" content=\"index, follow, max-snippet:-1, max-image-preview:large, max-video-preview:-1\" \/>\n<link rel=\"canonical\" href=\"https:\/\/www.sgtgroup.net\/fr\/inspection-en-debut-de-production\/\" \/>\n<meta property=\"og:locale\" content=\"fr_FR\" \/>\n<meta property=\"og:type\" content=\"article\" \/>\n<meta property=\"og:title\" content=\"Top of Production Inspection\" \/>\n<meta property=\"og:description\" content=\"Perform Top of Production inspection when 3% to 5% of an order is ready. Identify quality issues before a full production has been completed.\" \/>\n<meta property=\"og:url\" content=\"https:\/\/www.sgtgroup.net\/fr\/inspection-en-debut-de-production\/\" \/>\n<meta property=\"og:site_name\" content=\"SgT, The Textile Quality Experts\" \/>\n<meta property=\"article:modified_time\" content=\"2023-11-20T18:15:41+00:00\" \/>\n<meta name=\"twitter:card\" content=\"summary_large_image\" \/>\n<script type=\"application\/ld+json\" class=\"yoast-schema-graph\">{\"@context\":\"https:\/\/schema.org\",\"@graph\":[{\"@type\":\"WebPage\",\"@id\":\"https:\/\/www.sgtgroup.net\/top-of-production-inspection\/\",\"url\":\"https:\/\/www.sgtgroup.net\/top-of-production-inspection\/\",\"name\":\"Top of Production Inspection - SgT, The Textile Quality Experts\",\"isPartOf\":{\"@id\":\"https:\/\/www.sgtgroup.net\/#website\"},\"datePublished\":\"2022-05-13T10:50:27+00:00\",\"dateModified\":\"2023-11-20T18:15:41+00:00\",\"description\":\"Perform Top of Production inspection when 3% to 5% of an order is ready. Identify quality issues before a full production has been completed.\",\"breadcrumb\":{\"@id\":\"https:\/\/www.sgtgroup.net\/top-of-production-inspection\/#breadcrumb\"},\"inLanguage\":\"fr-FR\",\"potentialAction\":[{\"@type\":\"ReadAction\",\"target\":[\"https:\/\/www.sgtgroup.net\/top-of-production-inspection\/\"]}]},{\"@type\":\"BreadcrumbList\",\"@id\":\"https:\/\/www.sgtgroup.net\/top-of-production-inspection\/#breadcrumb\",\"itemListElement\":[{\"@type\":\"ListItem\",\"position\":1,\"name\":\"Home\",\"item\":\"https:\/\/www.sgtgroup.net\/\"},{\"@type\":\"ListItem\",\"position\":2,\"name\":\"Top of Production Inspection\"}]},{\"@type\":\"WebSite\",\"@id\":\"https:\/\/www.sgtgroup.net\/#website\",\"url\":\"https:\/\/www.sgtgroup.net\/\",\"name\":\"SgT, The Textile Quality Experts\",\"description\":\"\",\"publisher\":{\"@id\":\"https:\/\/www.sgtgroup.net\/#organization\"},\"potentialAction\":[{\"@type\":\"SearchAction\",\"target\":{\"@type\":\"EntryPoint\",\"urlTemplate\":\"https:\/\/www.sgtgroup.net\/?s={search_term_string}\"},\"query-input\":\"required name=search_term_string\"}],\"inLanguage\":\"fr-FR\"},{\"@type\":\"Organization\",\"@id\":\"https:\/\/www.sgtgroup.net\/#organization\",\"name\":\"SgT, The Textile Quality Experts\",\"url\":\"https:\/\/www.sgtgroup.net\/\",\"logo\":{\"@type\":\"ImageObject\",\"inLanguage\":\"fr-FR\",\"@id\":\"https:\/\/www.sgtgroup.net\/#\/schema\/logo\/image\/\",\"url\":\"https:\/\/www.sgtgroup.net\/wp-content\/uploads\/2022\/03\/logo_sgt.png\",\"contentUrl\":\"https:\/\/www.sgtgroup.net\/wp-content\/uploads\/2022\/03\/logo_sgt.png\",\"width\":208,\"height\":194,\"caption\":\"SgT, The Textile Quality Experts\"},\"image\":{\"@id\":\"https:\/\/www.sgtgroup.net\/#\/schema\/logo\/image\/\"},\"sameAs\":[\"https:\/\/youtube.com\/@sgtgroup4075\",\"https:\/\/www.linkedin.com\/company\/sgt-group\"]}]}<\/script>\n<!-- \/ Yoast SEO Premium plugin. -->","yoast_head_json":{"title":"Inspection en fin de production - SgT, The Textile Quality Experts","description":"Effectuer une inspection de fin de production lorsque 3% \u00e0 5% d'une commande sont pr\u00eates. Identifier les probl\u00e8mes de qualit\u00e9 avant qu'une production compl\u00e8te ne soit achev\u00e9e.","robots":{"index":"index","follow":"follow","max-snippet":"max-snippet:-1","max-image-preview":"max-image-preview:large","max-video-preview":"max-video-preview:-1"},"canonical":"https:\/\/www.sgtgroup.net\/fr\/inspection-en-debut-de-production\/","og_locale":"fr_FR","og_type":"article","og_title":"Top of Production Inspection","og_description":"Perform Top of Production inspection when 3% to 5% of an order is ready. Identify quality issues before a full production has been completed.","og_url":"https:\/\/www.sgtgroup.net\/fr\/inspection-en-debut-de-production\/","og_site_name":"SgT, The Textile Quality Experts","article_modified_time":"2023-11-20T18:15:41+00:00","twitter_card":"summary_large_image","schema":{"@context":"https:\/\/schema.org","@graph":[{"@type":"WebPage","@id":"https:\/\/www.sgtgroup.net\/top-of-production-inspection\/","url":"https:\/\/www.sgtgroup.net\/top-of-production-inspection\/","name":"Inspection en fin de production - SgT, The Textile Quality Experts","isPartOf":{"@id":"https:\/\/www.sgtgroup.net\/#website"},"datePublished":"2022-05-13T10:50:27+00:00","dateModified":"2023-11-20T18:15:41+00:00","description":"Effectuer une inspection de fin de production lorsque 3% \u00e0 5% d'une commande sont pr\u00eates. Identifier les probl\u00e8mes de qualit\u00e9 avant qu'une production compl\u00e8te ne soit achev\u00e9e.","breadcrumb":{"@id":"https:\/\/www.sgtgroup.net\/top-of-production-inspection\/#breadcrumb"},"inLanguage":"fr-FR","potentialAction":[{"@type":"ReadAction","target":["https:\/\/www.sgtgroup.net\/top-of-production-inspection\/"]}]},{"@type":"BreadcrumbList","@id":"https:\/\/www.sgtgroup.net\/top-of-production-inspection\/#breadcrumb","itemListElement":[{"@type":"ListItem","position":1,"name":"Home","item":"https:\/\/www.sgtgroup.net\/"},{"@type":"ListItem","position":2,"name":"Top of Production Inspection"}]},{"@type":"WebSite","@id":"https:\/\/www.sgtgroup.net\/#website","url":"https:\/\/www.sgtgroup.net\/","name":"SgT, les experts de la qualit\u00e9 textile","description":"","publisher":{"@id":"https:\/\/www.sgtgroup.net\/#organization"},"potentialAction":[{"@type":"SearchAction","target":{"@type":"EntryPoint","urlTemplate":"https:\/\/www.sgtgroup.net\/?s={search_term_string}"},"query-input":"required name=search_term_string"}],"inLanguage":"fr-FR"},{"@type":"Organization","@id":"https:\/\/www.sgtgroup.net\/#organization","name":"SgT, les experts de la qualit\u00e9 textile","url":"https:\/\/www.sgtgroup.net\/","logo":{"@type":"ImageObject","inLanguage":"fr-FR","@id":"https:\/\/www.sgtgroup.net\/#\/schema\/logo\/image\/","url":"https:\/\/www.sgtgroup.net\/wp-content\/uploads\/2022\/03\/logo_sgt.png","contentUrl":"https:\/\/www.sgtgroup.net\/wp-content\/uploads\/2022\/03\/logo_sgt.png","width":208,"height":194,"caption":"SgT, The Textile Quality Experts"},"image":{"@id":"https:\/\/www.sgtgroup.net\/#\/schema\/logo\/image\/"},"sameAs":["https:\/\/youtube.com\/@sgtgroup4075","https:\/\/www.linkedin.com\/company\/sgt-group"]}]}},"_links":{"self":[{"href":"https:\/\/www.sgtgroup.net\/fr\/wp-json\/wp\/v2\/pages\/1922","targetHints":{"allow":["GET"]}}],"collection":[{"href":"https:\/\/www.sgtgroup.net\/fr\/wp-json\/wp\/v2\/pages"}],"about":[{"href":"https:\/\/www.sgtgroup.net\/fr\/wp-json\/wp\/v2\/types\/page"}],"author":[{"embeddable":true,"href":"https:\/\/www.sgtgroup.net\/fr\/wp-json\/wp\/v2\/users\/1"}],"replies":[{"embeddable":true,"href":"https:\/\/www.sgtgroup.net\/fr\/wp-json\/wp\/v2\/comments?post=1922"}],"version-history":[{"count":0,"href":"https:\/\/www.sgtgroup.net\/fr\/wp-json\/wp\/v2\/pages\/1922\/revisions"}],"wp:attachment":[{"href":"https:\/\/www.sgtgroup.net\/fr\/wp-json\/wp\/v2\/media?parent=1922"}],"curies":[{"name":"wp","href":"https:\/\/api.w.org\/{rel}","templated":true}]}}