{"id":1868,"date":"2022-05-12T14:19:09","date_gmt":"2022-05-12T14:19:09","guid":{"rendered":"http:\/\/206.221.182.74\/~getgo163\/SGT\/?page_id=1868"},"modified":"2023-11-13T17:03:29","modified_gmt":"2023-11-13T17:03:29","slug":"linspection-des-tissus-et-des-matieres-premieres","status":"publish","type":"page","link":"https:\/\/www.sgtgroup.net\/fr\/linspection-des-tissus-et-des-matieres-premieres\/","title":{"rendered":"Inspection des tissus et des mati\u00e8res premi\u00e8res"},"content":{"rendered":"","protected":false},"excerpt":{"rendered":"","protected":false},"author":1,"featured_media":1417,"parent":0,"menu_order":0,"comment_status":"closed","ping_status":"closed","template":"template-single-service.php","meta":{"footnotes":""},"class_list":["post-1868","page","type-page","status-publish","has-post-thumbnail","hentry","entry"],"acf":[],"yoast_head":"<!-- This site is optimized with the Yoast SEO Premium plugin v22.5 (Yoast SEO v22.5) - https:\/\/yoast.com\/wordpress\/plugins\/seo\/ -->\n<title>Fabric and Raw Material Inspection<\/title>\n<meta name=\"description\" content=\"Garment quality starts with fabric quality. Our fabric and raw material inspection program helps customers in preventing faulty components...\" \/>\n<meta name=\"robots\" content=\"index, follow, max-snippet:-1, max-image-preview:large, max-video-preview:-1\" \/>\n<link rel=\"canonical\" href=\"https:\/\/www.sgtgroup.net\/fr\/linspection-des-tissus-et-des-matieres-premieres\/\" \/>\n<meta property=\"og:locale\" content=\"fr_FR\" \/>\n<meta property=\"og:type\" content=\"article\" \/>\n<meta property=\"og:title\" content=\"Fabric and Raw Material Inspection\" \/>\n<meta property=\"og:description\" content=\"Garment quality starts with fabric quality. Our fabric and raw material inspection program helps customers in preventing faulty components...\" \/>\n<meta property=\"og:url\" content=\"https:\/\/www.sgtgroup.net\/fr\/linspection-des-tissus-et-des-matieres-premieres\/\" \/>\n<meta property=\"og:site_name\" content=\"SgT, The Textile Quality Experts\" \/>\n<meta property=\"article:modified_time\" content=\"2023-11-13T17:03:29+00:00\" \/>\n<meta property=\"og:image\" content=\"https:\/\/www.sgtgroup.net\/wp-content\/uploads\/2022\/04\/ban_21.jpg\" \/>\n\t<meta property=\"og:image:width\" content=\"1920\" \/>\n\t<meta property=\"og:image:height\" content=\"841\" \/>\n\t<meta property=\"og:image:type\" content=\"image\/jpeg\" \/>\n<meta name=\"twitter:card\" content=\"summary_large_image\" \/>\n<script type=\"application\/ld+json\" class=\"yoast-schema-graph\">{\"@context\":\"https:\/\/schema.org\",\"@graph\":[{\"@type\":\"WebPage\",\"@id\":\"https:\/\/www.sgtgroup.net\/fabric-and-raw-material-inspection\/\",\"url\":\"https:\/\/www.sgtgroup.net\/fabric-and-raw-material-inspection\/\",\"name\":\"Fabric and Raw Material Inspection\",\"isPartOf\":{\"@id\":\"https:\/\/www.sgtgroup.net\/#website\"},\"primaryImageOfPage\":{\"@id\":\"https:\/\/www.sgtgroup.net\/fabric-and-raw-material-inspection\/#primaryimage\"},\"image\":{\"@id\":\"https:\/\/www.sgtgroup.net\/fabric-and-raw-material-inspection\/#primaryimage\"},\"thumbnailUrl\":\"https:\/\/www.sgtgroup.net\/wp-content\/uploads\/2022\/04\/ban_21.jpg\",\"datePublished\":\"2022-05-12T14:19:09+00:00\",\"dateModified\":\"2023-11-13T17:03:29+00:00\",\"description\":\"Garment quality starts with fabric quality. Our fabric and raw material inspection program helps customers in preventing faulty components...\",\"breadcrumb\":{\"@id\":\"https:\/\/www.sgtgroup.net\/fabric-and-raw-material-inspection\/#breadcrumb\"},\"inLanguage\":\"fr-FR\",\"potentialAction\":[{\"@type\":\"ReadAction\",\"target\":[\"https:\/\/www.sgtgroup.net\/fabric-and-raw-material-inspection\/\"]}]},{\"@type\":\"ImageObject\",\"inLanguage\":\"fr-FR\",\"@id\":\"https:\/\/www.sgtgroup.net\/fabric-and-raw-material-inspection\/#primaryimage\",\"url\":\"https:\/\/www.sgtgroup.net\/wp-content\/uploads\/2022\/04\/ban_21.jpg\",\"contentUrl\":\"https:\/\/www.sgtgroup.net\/wp-content\/uploads\/2022\/04\/ban_21.jpg\",\"width\":1920,\"height\":841,\"caption\":\"Textile Laboratory Testing\"},{\"@type\":\"BreadcrumbList\",\"@id\":\"https:\/\/www.sgtgroup.net\/fabric-and-raw-material-inspection\/#breadcrumb\",\"itemListElement\":[{\"@type\":\"ListItem\",\"position\":1,\"name\":\"Home\",\"item\":\"https:\/\/www.sgtgroup.net\/\"},{\"@type\":\"ListItem\",\"position\":2,\"name\":\"Fabric and Raw Material Inspection\"}]},{\"@type\":\"WebSite\",\"@id\":\"https:\/\/www.sgtgroup.net\/#website\",\"url\":\"https:\/\/www.sgtgroup.net\/\",\"name\":\"SgT, The Textile Quality Experts\",\"description\":\"\",\"publisher\":{\"@id\":\"https:\/\/www.sgtgroup.net\/#organization\"},\"potentialAction\":[{\"@type\":\"SearchAction\",\"target\":{\"@type\":\"EntryPoint\",\"urlTemplate\":\"https:\/\/www.sgtgroup.net\/?s={search_term_string}\"},\"query-input\":\"required name=search_term_string\"}],\"inLanguage\":\"fr-FR\"},{\"@type\":\"Organization\",\"@id\":\"https:\/\/www.sgtgroup.net\/#organization\",\"name\":\"SgT, The Textile Quality Experts\",\"url\":\"https:\/\/www.sgtgroup.net\/\",\"logo\":{\"@type\":\"ImageObject\",\"inLanguage\":\"fr-FR\",\"@id\":\"https:\/\/www.sgtgroup.net\/#\/schema\/logo\/image\/\",\"url\":\"https:\/\/www.sgtgroup.net\/wp-content\/uploads\/2022\/03\/logo_sgt.png\",\"contentUrl\":\"https:\/\/www.sgtgroup.net\/wp-content\/uploads\/2022\/03\/logo_sgt.png\",\"width\":208,\"height\":194,\"caption\":\"SgT, The Textile Quality Experts\"},\"image\":{\"@id\":\"https:\/\/www.sgtgroup.net\/#\/schema\/logo\/image\/\"},\"sameAs\":[\"https:\/\/youtube.com\/@sgtgroup4075\",\"https:\/\/www.linkedin.com\/company\/sgt-group\"]}]}<\/script>\n<!-- \/ Yoast SEO Premium plugin. -->","yoast_head_json":{"title":"Inspection des tissus et des mati\u00e8res premi\u00e8res","description":"La qualit\u00e9 d'un v\u00eatement commence par la qualit\u00e9 du tissu. Notre programme d'inspection des tissus et des mati\u00e8res premi\u00e8res aide les clients \u00e0 \u00e9viter les composants d\u00e9fectueux...","robots":{"index":"index","follow":"follow","max-snippet":"max-snippet:-1","max-image-preview":"max-image-preview:large","max-video-preview":"max-video-preview:-1"},"canonical":"https:\/\/www.sgtgroup.net\/fr\/linspection-des-tissus-et-des-matieres-premieres\/","og_locale":"fr_FR","og_type":"article","og_title":"Fabric and Raw Material Inspection","og_description":"Garment quality starts with fabric quality. Our fabric and raw material inspection program helps customers in preventing faulty components...","og_url":"https:\/\/www.sgtgroup.net\/fr\/linspection-des-tissus-et-des-matieres-premieres\/","og_site_name":"SgT, The Textile Quality Experts","article_modified_time":"2023-11-13T17:03:29+00:00","og_image":[{"width":1920,"height":841,"url":"https:\/\/www.sgtgroup.net\/wp-content\/uploads\/2022\/04\/ban_21.jpg","type":"image\/jpeg"}],"twitter_card":"summary_large_image","schema":{"@context":"https:\/\/schema.org","@graph":[{"@type":"WebPage","@id":"https:\/\/www.sgtgroup.net\/fabric-and-raw-material-inspection\/","url":"https:\/\/www.sgtgroup.net\/fabric-and-raw-material-inspection\/","name":"Inspection des tissus et des mati\u00e8res premi\u00e8res","isPartOf":{"@id":"https:\/\/www.sgtgroup.net\/#website"},"primaryImageOfPage":{"@id":"https:\/\/www.sgtgroup.net\/fabric-and-raw-material-inspection\/#primaryimage"},"image":{"@id":"https:\/\/www.sgtgroup.net\/fabric-and-raw-material-inspection\/#primaryimage"},"thumbnailUrl":"https:\/\/www.sgtgroup.net\/wp-content\/uploads\/2022\/04\/ban_21.jpg","datePublished":"2022-05-12T14:19:09+00:00","dateModified":"2023-11-13T17:03:29+00:00","description":"La qualit\u00e9 d'un v\u00eatement commence par la qualit\u00e9 du tissu. Notre programme d'inspection des tissus et des mati\u00e8res premi\u00e8res aide les clients \u00e0 \u00e9viter les composants d\u00e9fectueux...","breadcrumb":{"@id":"https:\/\/www.sgtgroup.net\/fabric-and-raw-material-inspection\/#breadcrumb"},"inLanguage":"fr-FR","potentialAction":[{"@type":"ReadAction","target":["https:\/\/www.sgtgroup.net\/fabric-and-raw-material-inspection\/"]}]},{"@type":"ImageObject","inLanguage":"fr-FR","@id":"https:\/\/www.sgtgroup.net\/fabric-and-raw-material-inspection\/#primaryimage","url":"https:\/\/www.sgtgroup.net\/wp-content\/uploads\/2022\/04\/ban_21.jpg","contentUrl":"https:\/\/www.sgtgroup.net\/wp-content\/uploads\/2022\/04\/ban_21.jpg","width":1920,"height":841,"caption":"Textile Laboratory Testing"},{"@type":"BreadcrumbList","@id":"https:\/\/www.sgtgroup.net\/fabric-and-raw-material-inspection\/#breadcrumb","itemListElement":[{"@type":"ListItem","position":1,"name":"Home","item":"https:\/\/www.sgtgroup.net\/"},{"@type":"ListItem","position":2,"name":"Fabric and Raw Material Inspection"}]},{"@type":"WebSite","@id":"https:\/\/www.sgtgroup.net\/#website","url":"https:\/\/www.sgtgroup.net\/","name":"SgT, les experts de la qualit\u00e9 textile","description":"","publisher":{"@id":"https:\/\/www.sgtgroup.net\/#organization"},"potentialAction":[{"@type":"SearchAction","target":{"@type":"EntryPoint","urlTemplate":"https:\/\/www.sgtgroup.net\/?s={search_term_string}"},"query-input":"required name=search_term_string"}],"inLanguage":"fr-FR"},{"@type":"Organization","@id":"https:\/\/www.sgtgroup.net\/#organization","name":"SgT, les experts de la qualit\u00e9 textile","url":"https:\/\/www.sgtgroup.net\/","logo":{"@type":"ImageObject","inLanguage":"fr-FR","@id":"https:\/\/www.sgtgroup.net\/#\/schema\/logo\/image\/","url":"https:\/\/www.sgtgroup.net\/wp-content\/uploads\/2022\/03\/logo_sgt.png","contentUrl":"https:\/\/www.sgtgroup.net\/wp-content\/uploads\/2022\/03\/logo_sgt.png","width":208,"height":194,"caption":"SgT, The Textile Quality Experts"},"image":{"@id":"https:\/\/www.sgtgroup.net\/#\/schema\/logo\/image\/"},"sameAs":["https:\/\/youtube.com\/@sgtgroup4075","https:\/\/www.linkedin.com\/company\/sgt-group"]}]}},"_links":{"self":[{"href":"https:\/\/www.sgtgroup.net\/fr\/wp-json\/wp\/v2\/pages\/1868","targetHints":{"allow":["GET"]}}],"collection":[{"href":"https:\/\/www.sgtgroup.net\/fr\/wp-json\/wp\/v2\/pages"}],"about":[{"href":"https:\/\/www.sgtgroup.net\/fr\/wp-json\/wp\/v2\/types\/page"}],"author":[{"embeddable":true,"href":"https:\/\/www.sgtgroup.net\/fr\/wp-json\/wp\/v2\/users\/1"}],"replies":[{"embeddable":true,"href":"https:\/\/www.sgtgroup.net\/fr\/wp-json\/wp\/v2\/comments?post=1868"}],"version-history":[{"count":0,"href":"https:\/\/www.sgtgroup.net\/fr\/wp-json\/wp\/v2\/pages\/1868\/revisions"}],"wp:featuredmedia":[{"embeddable":true,"href":"https:\/\/www.sgtgroup.net\/fr\/wp-json\/wp\/v2\/media\/1417"}],"wp:attachment":[{"href":"https:\/\/www.sgtgroup.net\/fr\/wp-json\/wp\/v2\/media?parent=1868"}],"curies":[{"name":"wp","href":"https:\/\/api.w.org\/{rel}","templated":true}]}}