{"id":10134,"date":"2025-11-25T05:52:02","date_gmt":"2025-11-25T05:52:02","guid":{"rendered":"https:\/\/www.sgtgroup.net\/?page_id=10134"},"modified":"2025-12-03T06:39:33","modified_gmt":"2025-12-03T06:39:33","slug":"contact-us-higg-fem-2026-free-webinar","status":"publish","type":"page","link":"https:\/\/www.sgtgroup.net\/fr\/contact-us-higg-fem-2026-free-webinar\/","title":{"rendered":"Contact Us Higg FEM 2026 Cycle Free Webinar"},"content":{"rendered":"<div data-elementor-type=\"wp-page\" data-elementor-id=\"10134\" class=\"elementor elementor-10134\" data-elementor-settings=\"[]\">\n\t\t\t\t\t\t\t<div class=\"elementor-section-wrap\">\n\t\t\t\t\t\t\t<section class=\"elementor-section elementor-top-section elementor-element elementor-element-69f29f5 elementor-hidden-desktop elementor-hidden-tablet elementor-hidden-mobile elementor-section-boxed elementor-section-height-default elementor-section-height-default\" data-id=\"69f29f5\" data-element_type=\"section\">\n\t\t\t\t\t\t<div class=\"elementor-container elementor-column-gap-default\">\n\t\t\t\t\t<div class=\"elementor-column elementor-col-100 elementor-top-column elementor-element elementor-element-51b599c\" data-id=\"51b599c\" data-element_type=\"column\" data-settings=\"{&quot;background_background&quot;:&quot;classic&quot;}\">\n\t\t\t<div class=\"elementor-widget-wrap elementor-element-populated\">\n\t\t\t\t\t\t\t\t<section class=\"elementor-section elementor-inner-section elementor-element elementor-element-26c57a0 elementor-section-boxed elementor-section-height-default elementor-section-height-default\" data-id=\"26c57a0\" data-element_type=\"section\" data-settings=\"{&quot;background_background&quot;:&quot;classic&quot;}\">\n\t\t\t\t\t\t<div class=\"elementor-container elementor-column-gap-default\">\n\t\t\t\t\t<div class=\"elementor-column elementor-col-50 elementor-inner-column elementor-element elementor-element-9a8d20d\" data-id=\"9a8d20d\" data-element_type=\"column\" data-settings=\"{&quot;background_background&quot;:&quot;classic&quot;}\">\n\t\t\t<div class=\"elementor-widget-wrap\">\n\t\t\t\t\t\t\t\t\t<\/div>\n\t\t<\/div>\n\t\t\t\t<div class=\"elementor-column elementor-col-50 elementor-inner-column elementor-element elementor-element-237add3\" data-id=\"237add3\" data-element_type=\"column\" data-settings=\"{&quot;background_background&quot;:&quot;classic&quot;}\">\n\t\t\t<div class=\"elementor-widget-wrap\">\n\t\t\t\t\t\t\t\t\t<\/div>\n\t\t<\/div>\n\t\t\t\t\t\t\t<\/div>\n\t\t<\/section>\n\t\t\t\t\t<\/div>\n\t\t<\/div>\n\t\t\t\t\t\t\t<\/div>\n\t\t<\/section>\n\t\t\t\t<section class=\"elementor-section elementor-top-section elementor-element elementor-element-972b03b elementor-section-boxed elementor-section-height-default elementor-section-height-default\" data-id=\"972b03b\" data-element_type=\"section\">\n\t\t\t\t\t\t<div class=\"elementor-container elementor-column-gap-default\">\n\t\t\t\t\t<div class=\"elementor-column elementor-col-100 elementor-top-column elementor-element elementor-element-d835d5e\" data-id=\"d835d5e\" data-element_type=\"column\">\n\t\t\t<div class=\"elementor-widget-wrap elementor-element-populated\">\n\t\t\t\t\t\t\t\t<div class=\"elementor-element elementor-element-b840855 elementor-widget elementor-widget-heading\" data-id=\"b840855\" data-element_type=\"widget\" data-widget_type=\"heading.default\">\n\t\t\t\t<div class=\"elementor-widget-container\">\n\t\t\t<style>\/*! elementor - v3.5.6 - 28-02-2022 *\/\n.elementor-heading-title{padding:0;margin:0;line-height:1}.elementor-widget-heading .elementor-heading-title[class*=elementor-size-]>a{color:inherit;font-size:inherit;line-height:inherit}.elementor-widget-heading .elementor-heading-title.elementor-size-small{font-size:15px}.elementor-widget-heading .elementor-heading-title.elementor-size-medium{font-size:19px}.elementor-widget-heading .elementor-heading-title.elementor-size-large{font-size:29px}.elementor-widget-heading .elementor-heading-title.elementor-size-xl{font-size:39px}.elementor-widget-heading .elementor-heading-title.elementor-size-xxl{font-size:59px}<\/style><h2 class=\"elementor-heading-title elementor-size-default\">Registration<\/h2>\t\t<\/div>\n\t\t\t\t<\/div>\n\t\t\t\t\t<\/div>\n\t\t<\/div>\n\t\t\t\t\t\t\t<\/div>\n\t\t<\/section>\n\t\t\t\t<section class=\"elementor-section elementor-top-section elementor-element elementor-element-9a53ba8 elementor-hidden-desktop elementor-hidden-tablet elementor-hidden-mobile elementor-section-boxed elementor-section-height-default elementor-section-height-default\" data-id=\"9a53ba8\" data-element_type=\"section\">\n\t\t\t\t\t\t<div class=\"elementor-container elementor-column-gap-default\">\n\t\t\t\t\t<div class=\"elementor-column elementor-col-100 elementor-top-column elementor-element elementor-element-65cebdc\" data-id=\"65cebdc\" data-element_type=\"column\">\n\t\t\t<div class=\"elementor-widget-wrap elementor-element-populated\">\n\t\t\t\t\t\t\t\t<div class=\"elementor-element elementor-element-6d6e816 elementor-widget elementor-widget-shortcode\" data-id=\"6d6e816\" data-element_type=\"widget\" data-widget_type=\"shortcode.default\">\n\t\t\t\t<div class=\"elementor-widget-container\">\n\t\t\t\t\t<div class=\"elementor-shortcode\">\n<div class=\"wpcf7 no-js\" id=\"wpcf7-f954-o1\" lang=\"en-US\" dir=\"ltr\" data-wpcf7-id=\"954\">\n<div class=\"screen-reader-response\"><p role=\"status\" aria-live=\"polite\" aria-atomic=\"true\"><\/p> <ul><\/ul><\/div>\n<form action=\"\/fr\/wp-json\/wp\/v2\/pages\/10134#wpcf7-f954-o1\" method=\"post\" class=\"wpcf7-form init\" aria-label=\"Formulaire de contact\" novalidate=\"novalidate\" data-status=\"init\" data-trp-original-action=\"\/fr\/wp-json\/wp\/v2\/pages\/10134#wpcf7-f954-o1\">\n<fieldset class=\"hidden-fields-container\"><input type=\"hidden\" name=\"_wpcf7\" value=\"954\" \/><input type=\"hidden\" name=\"_wpcf7_version\" value=\"6.1\" \/><input type=\"hidden\" name=\"_wpcf7_locale\" value=\"en_US\" \/><input type=\"hidden\" name=\"_wpcf7_unit_tag\" value=\"wpcf7-f954-o1\" \/><input type=\"hidden\" name=\"_wpcf7_container_post\" value=\"0\" \/><input type=\"hidden\" name=\"_wpcf7_posted_data_hash\" value=\"\" \/><input type=\"hidden\" name=\"_wpcf7_recaptcha_response\" value=\"\" \/>\n<\/fieldset>\n<div class=\"form_container\">\n\t<div class=\"section group\">\n\t\t<div class=\"col span_1_of_3\">\n\t\t\t<p>Pr\u00e9nom<span class=\"star_color\">*<\/span>\n\t\t\t<\/p>\n\t\t\t<p><span class=\"wpcf7-form-control-wrap\" data-name=\"your-fname\"><input size=\"40\" maxlength=\"400\" class=\"wpcf7-form-control wpcf7-text wpcf7-validates-as-required\" aria-required=\"true\" aria-invalid=\"false\" value=\"\" type=\"text\" name=\"your-fname\" \/><\/span>\n\t\t\t<\/p>\n\t\t<\/div>\n\t\t<div class=\"col span_1_of_3\">\n\t\t\t<p>Nom de famille<span class=\"star_color\">*<\/span>\n\t\t\t<\/p>\n\t\t\t<p><span class=\"wpcf7-form-control-wrap\" data-name=\"your-lname\"><input size=\"40\" maxlength=\"400\" class=\"wpcf7-form-control wpcf7-text wpcf7-validates-as-required\" aria-required=\"true\" aria-invalid=\"false\" value=\"\" type=\"text\" name=\"your-lname\" \/><\/span>\n\t\t\t<\/p>\n\t\t<\/div>\n\t\t<div class=\"col span_1_of_3\">\n\t\t\t<p>Adresse e-mail<span class=\"star_color\">*<\/span>\n\t\t\t<\/p>\n\t\t\t<p><span class=\"wpcf7-form-control-wrap\" data-name=\"your-email\"><input size=\"40\" maxlength=\"400\" class=\"wpcf7-form-control wpcf7-email wpcf7-validates-as-required wpcf7-text wpcf7-validates-as-email\" aria-required=\"true\" aria-invalid=\"false\" value=\"\" type=\"email\" name=\"your-email\" \/><\/span>\n\t\t\t<\/p>\n\t\t<\/div>\n\t<\/div>\n\t<div class=\"section group\">\n\t\t<div class=\"col span_1_of_3\">\n\t\t\t<p>URL du site web<span class=\"star_color\">*<\/span>\n\t\t\t<\/p>\n\t\t\t<p><span class=\"wpcf7-form-control-wrap\" data-name=\"web-url\"><input size=\"40\" maxlength=\"400\" class=\"wpcf7-form-control wpcf7-text wpcf7-validates-as-required\" aria-required=\"true\" aria-invalid=\"false\" value=\"\" type=\"text\" name=\"web-url\" \/><\/span>\n\t\t\t<\/p>\n\t\t<\/div>\n\t\t<div class=\"col span_1_of_3\">\n\t\t\t<p>Nom de l'entreprise<span class=\"star_color\">*<\/span>\n\t\t\t<\/p>\n\t\t\t<p><span class=\"wpcf7-form-control-wrap\" data-name=\"comp-name\"><input size=\"40\" maxlength=\"400\" class=\"wpcf7-form-control wpcf7-text wpcf7-validates-as-required\" aria-required=\"true\" aria-invalid=\"false\" value=\"\" type=\"text\" name=\"comp-name\" \/><\/span>\n\t\t\t<\/p>\n\t\t<\/div>\n\t\t<div class=\"col span_1_of_3\">\n\t\t\t<p>Localisation du bureau<span class=\"star_color\">*<\/span>\n\t\t\t<\/p>\n\t\t\t<p>[country_auto* country_auto-679]\n\t\t\t<\/p>\n\t\t\t<p class=\"heavy-font\">Veuillez s\u00e9lectionner une option dans le menu d\u00e9roulant.\n\t\t\t<\/p>\n\t\t<\/div>\n\t<\/div>\n\t<div class=\"section group\">\n\t\t<p>Comment pouvons-nous vous aider ?<span class=\"star_color\">*<\/span>\n\t\t<\/p>\n\t\t<p><span class=\"wpcf7-form-control-wrap\" data-name=\"checkbox-333\"><span class=\"wpcf7-form-control wpcf7-checkbox wpcf7-validates-as-required\"><span class=\"wpcf7-list-item first\"><label><input type=\"checkbox\" name=\"checkbox-333[]\" value=\"I need help auditing a factory\" \/><span class=\"wpcf7-list-item-label\">J'ai besoin d'aide pour l'audit d'une usine<\/span><\/label><\/span><span class=\"wpcf7-list-item\"><label><input type=\"checkbox\" name=\"checkbox-333[]\" value=\"I require technical assistance\" \/><span class=\"wpcf7-list-item-label\">J'ai besoin d'une assistance technique<\/span><\/label><\/span><span class=\"wpcf7-list-item\"><label><input type=\"checkbox\" name=\"checkbox-333[]\" value=\"I require laboratory testing\" \/><span class=\"wpcf7-list-item-label\">J'ai besoin d'analyses de laboratoire<\/span><\/label><\/span><span class=\"wpcf7-list-item\"><label><input type=\"checkbox\" name=\"checkbox-333[]\" value=\"I need help with quality inspections\" \/><span class=\"wpcf7-list-item-label\">J'ai besoin d'aide pour les contr\u00f4les de qualit\u00e9<\/span><\/label><\/span><span class=\"wpcf7-list-item\"><label><input type=\"checkbox\" name=\"checkbox-333[]\" value=\"I need help with sustainability\" \/><span class=\"wpcf7-list-item-label\">J'ai besoin d'aide en mati\u00e8re de durabilit\u00e9<\/span><\/label><\/span><span class=\"wpcf7-list-item last\"><label><input type=\"checkbox\" name=\"checkbox-333[]\" value=\"Other \/ I would like to book an appointment with one of your experts\" \/><span class=\"wpcf7-list-item-label\">Autre \/ Je souhaite prendre rendez-vous avec l'un de vos experts<\/span><\/label><\/span><\/span><\/span>\n\t\t<\/p>\n\t\t<p class=\"heavy-font\">Veuillez s\u00e9lectionner au moins une option.\n\t\t<\/p>\n\t<\/div>\n\t<p>En cochant la case ci-dessous, vous acceptez de recevoir des courriels contenant des informations relatives \u00e0 la r\u00e9solution de vos probl\u00e8mes de qualit\u00e9 textile.\n\t<\/p>\n\t<p>Vous pouvez vous d\u00e9sabonner de ces courriels \u00e0 tout moment. SgT s'engage \u00e0 prot\u00e9ger votre vie priv\u00e9e et vos donn\u00e9es. Pour en savoir plus, veuillez lire notre <a class=\"text_color\" href=\"https:\/\/www.sgtgroup.net\/fr\/politique-de-confidentialite\/\">Politique de confidentialit\u00e9<\/a>.\n\t<\/p>\n\t<div class=\"terms\">\n\t\t<p><span class=\"wpcf7-form-control-wrap\" data-name=\"checkbox-281\"><span class=\"wpcf7-form-control wpcf7-checkbox wpcf7-validates-as-required\"><span class=\"wpcf7-list-item first last\"><label><input type=\"checkbox\" name=\"checkbox-281[]\" value=\"Yes, I agree to receive emails from SgT about my textile quality challenges.\" \/><span class=\"wpcf7-list-item-label\">Oui, j\u2019accepte de recevoir des courriels de SGT concernant mes enjeux en mati\u00e8re de qualit\u00e9 textile.<\/span><\/label><\/span><\/span><\/span>\n\t\t<\/p>\n\t<\/div>\n\t<div class=\"center\">\n\t\t<p><input class=\"wpcf7-form-control wpcf7-submit has-spinner\" type=\"submit\" value=\"Soumettre\" \/>\n\t\t<\/p>\n\t<\/div>\n<\/div><div class=\"wpcf7-response-output\" aria-hidden=\"true\"><\/div>\n<input type=\"hidden\" name=\"trp-form-language\" value=\"fr\"\/><\/form>\n<\/div>\n<\/div>\n\t\t\t\t<\/div>\n\t\t\t\t<\/div>\n\t\t\t\t\t<\/div>\n\t\t<\/div>\n\t\t\t\t\t\t\t<\/div>\n\t\t<\/section>\n\t\t\t\t<section class=\"elementor-section elementor-top-section elementor-element elementor-element-02bdd38 elementor-section-boxed elementor-section-height-default elementor-section-height-default\" data-id=\"02bdd38\" data-element_type=\"section\">\n\t\t\t\t\t\t<div class=\"elementor-container elementor-column-gap-default\">\n\t\t\t\t\t<div class=\"elementor-column elementor-col-100 elementor-top-column elementor-element elementor-element-1b5832b\" data-id=\"1b5832b\" data-element_type=\"column\" data-settings=\"{&quot;background_background&quot;:&quot;classic&quot;}\">\n\t\t\t<div class=\"elementor-widget-wrap elementor-element-populated\">\n\t\t\t\t\t\t\t\t<div class=\"elementor-element elementor-element-35099d1 elementor-widget elementor-widget-html\" data-id=\"35099d1\" data-element_type=\"widget\" data-widget_type=\"html.default\">\n\t\t\t\t<div class=\"elementor-widget-container\">\n\t\t\t<!-- Event snippet for SgT - Contact Us - Page Clicks - Page View (1) conversion page -->\n<script>\n  gtag('event', 'conversion', {'send_to': 'AW-10872722521\/zBd7CJ7Osc8DENmowsAo'});\n<\/script>\t\t<\/div>\n\t\t\t\t<\/div>\n\t\t\t\t<div class=\"elementor-element elementor-element-7fe3296 elementor-widget elementor-widget-html\" data-id=\"7fe3296\" data-element_type=\"widget\" data-widget_type=\"html.default\">\n\t\t\t\t<div class=\"elementor-widget-container\">\n\t\t\t<iframe aria-label='SgT - Higg FEM 2026 Update Webinar' frameborder=\"0\" style=\"height:500px;width:99%;border:none;\" src='https:\/\/forms.zohopublic.com\/stephanedion\/form\/SgTHiggFEM2026UpdateWebinar\/formperma\/uhp-7pRg5yE26Zl41kNDTvB8SS2IbxW7XoYAPFiAhV8'><\/iframe>\t\t<\/div>\n\t\t\t\t<\/div>\n\t\t\t\t\t<\/div>\n\t\t<\/div>\n\t\t\t\t\t\t\t<\/div>\n\t\t<\/section>\n\t\t\t\t\t\t<\/div>\n\t\t\t\t\t<\/div>","protected":false},"excerpt":{"rendered":"<p>Registration<\/p>","protected":false},"author":1,"featured_media":0,"parent":0,"menu_order":0,"comment_status":"closed","ping_status":"closed","template":"","meta":{"footnotes":""},"class_list":["post-10134","page","type-page","status-publish","hentry","entry"],"acf":[],"yoast_head":"<!-- This site is optimized with the Yoast SEO Premium plugin v22.5 (Yoast SEO v22.5) - https:\/\/yoast.com\/wordpress\/plugins\/seo\/ -->\n<title>SgT, the Textile Quality Experts | Contact Us Higg FEM 2026 Cycle Free Webinar<\/title>\n<meta name=\"description\" content=\"SgT offers a range of quality management solutions for clothing and textile brands and manufacturers all over the world. Contact us now!\" \/>\n<meta name=\"robots\" content=\"index, follow, max-snippet:-1, max-image-preview:large, max-video-preview:-1\" \/>\n<link rel=\"canonical\" href=\"https:\/\/www.sgtgroup.net\/fr\/contact-us-higg-fem-2026-free-webinar\/\" \/>\n<meta property=\"og:locale\" content=\"fr_FR\" \/>\n<meta property=\"og:type\" content=\"article\" \/>\n<meta property=\"og:title\" content=\"Contact Us Higg FEM 2026 Cycle Free Webinar\" \/>\n<meta property=\"og:description\" content=\"SgT offers a range of quality management solutions for clothing and textile brands and manufacturers all over the world. Contact us now!\" \/>\n<meta property=\"og:url\" content=\"https:\/\/www.sgtgroup.net\/fr\/contact-us-higg-fem-2026-free-webinar\/\" \/>\n<meta property=\"og:site_name\" content=\"SgT, The Textile Quality Experts\" \/>\n<meta property=\"article:modified_time\" content=\"2025-12-03T06:39:33+00:00\" \/>\n<meta name=\"twitter:card\" content=\"summary_large_image\" \/>\n<meta name=\"twitter:label1\" content=\"Dur\u00e9e de lecture estim\u00e9e\" \/>\n\t<meta name=\"twitter:data1\" content=\"1 minute\" \/>\n<script type=\"application\/ld+json\" class=\"yoast-schema-graph\">{\"@context\":\"https:\/\/schema.org\",\"@graph\":[{\"@type\":\"WebPage\",\"@id\":\"https:\/\/www.sgtgroup.net\/contact-us-higg-fem-2026-free-webinar\/\",\"url\":\"https:\/\/www.sgtgroup.net\/contact-us-higg-fem-2026-free-webinar\/\",\"name\":\"SgT, the Textile Quality Experts | Contact Us Higg FEM 2026 Cycle Free Webinar\",\"isPartOf\":{\"@id\":\"https:\/\/www.sgtgroup.net\/#website\"},\"datePublished\":\"2025-11-25T05:52:02+00:00\",\"dateModified\":\"2025-12-03T06:39:33+00:00\",\"description\":\"SgT offers a range of quality management solutions for clothing and textile brands and manufacturers all over the world. Contact us now!\",\"breadcrumb\":{\"@id\":\"https:\/\/www.sgtgroup.net\/contact-us-higg-fem-2026-free-webinar\/#breadcrumb\"},\"inLanguage\":\"fr-FR\",\"potentialAction\":[{\"@type\":\"ReadAction\",\"target\":[\"https:\/\/www.sgtgroup.net\/contact-us-higg-fem-2026-free-webinar\/\"]}]},{\"@type\":\"BreadcrumbList\",\"@id\":\"https:\/\/www.sgtgroup.net\/contact-us-higg-fem-2026-free-webinar\/#breadcrumb\",\"itemListElement\":[{\"@type\":\"ListItem\",\"position\":1,\"name\":\"Home\",\"item\":\"https:\/\/www.sgtgroup.net\/\"},{\"@type\":\"ListItem\",\"position\":2,\"name\":\"Contact Us Higg FEM 2026 Cycle Free Webinar\"}]},{\"@type\":\"WebSite\",\"@id\":\"https:\/\/www.sgtgroup.net\/#website\",\"url\":\"https:\/\/www.sgtgroup.net\/\",\"name\":\"SgT, The Textile Quality Experts\",\"description\":\"\",\"publisher\":{\"@id\":\"https:\/\/www.sgtgroup.net\/#organization\"},\"potentialAction\":[{\"@type\":\"SearchAction\",\"target\":{\"@type\":\"EntryPoint\",\"urlTemplate\":\"https:\/\/www.sgtgroup.net\/?s={search_term_string}\"},\"query-input\":\"required name=search_term_string\"}],\"inLanguage\":\"fr-FR\"},{\"@type\":\"Organization\",\"@id\":\"https:\/\/www.sgtgroup.net\/#organization\",\"name\":\"SgT, The Textile Quality Experts\",\"url\":\"https:\/\/www.sgtgroup.net\/\",\"logo\":{\"@type\":\"ImageObject\",\"inLanguage\":\"fr-FR\",\"@id\":\"https:\/\/www.sgtgroup.net\/#\/schema\/logo\/image\/\",\"url\":\"https:\/\/www.sgtgroup.net\/wp-content\/uploads\/2022\/03\/logo_sgt.png\",\"contentUrl\":\"https:\/\/www.sgtgroup.net\/wp-content\/uploads\/2022\/03\/logo_sgt.png\",\"width\":208,\"height\":194,\"caption\":\"SgT, The Textile Quality Experts\"},\"image\":{\"@id\":\"https:\/\/www.sgtgroup.net\/#\/schema\/logo\/image\/\"},\"sameAs\":[\"https:\/\/youtube.com\/@sgtgroup4075\",\"https:\/\/www.linkedin.com\/company\/sgt-group\"]}]}<\/script>\n<!-- \/ Yoast SEO Premium plugin. -->","yoast_head_json":{"title":"SgT, the Textile Quality Experts | Contact Us Higg FEM 2026 Cycle Free Webinar","description":"SgT offre une gamme de solutions de gestion de la qualit\u00e9 pour les marques et les fabricants de v\u00eatements et de textiles du monde entier. Contactez nous maintenant !","robots":{"index":"index","follow":"follow","max-snippet":"max-snippet:-1","max-image-preview":"max-image-preview:large","max-video-preview":"max-video-preview:-1"},"canonical":"https:\/\/www.sgtgroup.net\/fr\/contact-us-higg-fem-2026-free-webinar\/","og_locale":"fr_FR","og_type":"article","og_title":"Contact Us Higg FEM 2026 Cycle Free Webinar","og_description":"SgT offers a range of quality management solutions for clothing and textile brands and manufacturers all over the world. Contact us now!","og_url":"https:\/\/www.sgtgroup.net\/fr\/contact-us-higg-fem-2026-free-webinar\/","og_site_name":"SgT, The Textile Quality Experts","article_modified_time":"2025-12-03T06:39:33+00:00","twitter_card":"summary_large_image","twitter_misc":{"Dur\u00e9e de lecture estim\u00e9e":"1 minute"},"schema":{"@context":"https:\/\/schema.org","@graph":[{"@type":"WebPage","@id":"https:\/\/www.sgtgroup.net\/contact-us-higg-fem-2026-free-webinar\/","url":"https:\/\/www.sgtgroup.net\/contact-us-higg-fem-2026-free-webinar\/","name":"SgT, the Textile Quality Experts | Contact Us Higg FEM 2026 Cycle Free Webinar","isPartOf":{"@id":"https:\/\/www.sgtgroup.net\/#website"},"datePublished":"2025-11-25T05:52:02+00:00","dateModified":"2025-12-03T06:39:33+00:00","description":"SgT offre une gamme de solutions de gestion de la qualit\u00e9 pour les marques et les fabricants de v\u00eatements et de textiles du monde entier. Contactez nous maintenant !","breadcrumb":{"@id":"https:\/\/www.sgtgroup.net\/contact-us-higg-fem-2026-free-webinar\/#breadcrumb"},"inLanguage":"fr-FR","potentialAction":[{"@type":"ReadAction","target":["https:\/\/www.sgtgroup.net\/contact-us-higg-fem-2026-free-webinar\/"]}]},{"@type":"BreadcrumbList","@id":"https:\/\/www.sgtgroup.net\/contact-us-higg-fem-2026-free-webinar\/#breadcrumb","itemListElement":[{"@type":"ListItem","position":1,"name":"Home","item":"https:\/\/www.sgtgroup.net\/"},{"@type":"ListItem","position":2,"name":"Contact Us Higg FEM 2026 Cycle Free Webinar"}]},{"@type":"WebSite","@id":"https:\/\/www.sgtgroup.net\/#website","url":"https:\/\/www.sgtgroup.net\/","name":"SgT, les experts de la qualit\u00e9 textile","description":"","publisher":{"@id":"https:\/\/www.sgtgroup.net\/#organization"},"potentialAction":[{"@type":"SearchAction","target":{"@type":"EntryPoint","urlTemplate":"https:\/\/www.sgtgroup.net\/?s={search_term_string}"},"query-input":"required name=search_term_string"}],"inLanguage":"fr-FR"},{"@type":"Organization","@id":"https:\/\/www.sgtgroup.net\/#organization","name":"SgT, les experts de la qualit\u00e9 textile","url":"https:\/\/www.sgtgroup.net\/","logo":{"@type":"ImageObject","inLanguage":"fr-FR","@id":"https:\/\/www.sgtgroup.net\/#\/schema\/logo\/image\/","url":"https:\/\/www.sgtgroup.net\/wp-content\/uploads\/2022\/03\/logo_sgt.png","contentUrl":"https:\/\/www.sgtgroup.net\/wp-content\/uploads\/2022\/03\/logo_sgt.png","width":208,"height":194,"caption":"SgT, The Textile Quality Experts"},"image":{"@id":"https:\/\/www.sgtgroup.net\/#\/schema\/logo\/image\/"},"sameAs":["https:\/\/youtube.com\/@sgtgroup4075","https:\/\/www.linkedin.com\/company\/sgt-group"]}]}},"_links":{"self":[{"href":"https:\/\/www.sgtgroup.net\/fr\/wp-json\/wp\/v2\/pages\/10134","targetHints":{"allow":["GET"]}}],"collection":[{"href":"https:\/\/www.sgtgroup.net\/fr\/wp-json\/wp\/v2\/pages"}],"about":[{"href":"https:\/\/www.sgtgroup.net\/fr\/wp-json\/wp\/v2\/types\/page"}],"author":[{"embeddable":true,"href":"https:\/\/www.sgtgroup.net\/fr\/wp-json\/wp\/v2\/users\/1"}],"replies":[{"embeddable":true,"href":"https:\/\/www.sgtgroup.net\/fr\/wp-json\/wp\/v2\/comments?post=10134"}],"version-history":[{"count":0,"href":"https:\/\/www.sgtgroup.net\/fr\/wp-json\/wp\/v2\/pages\/10134\/revisions"}],"wp:attachment":[{"href":"https:\/\/www.sgtgroup.net\/fr\/wp-json\/wp\/v2\/media?parent=10134"}],"curies":[{"name":"wp","href":"https:\/\/api.w.org\/{rel}","templated":true}]}}