{"id":1951,"date":"2022-05-13T11:44:59","date_gmt":"2022-05-13T11:44:59","guid":{"rendered":"http:\/\/206.221.182.74\/~getgo163\/SGT\/?page_id=1951"},"modified":"2023-11-13T17:29:38","modified_gmt":"2023-11-13T17:29:38","slug":"asesoramiento-tecnico-textil","status":"publish","type":"page","link":"https:\/\/www.sgtgroup.net\/es\/asesoramiento-tecnico-textil\/","title":{"rendered":"Asesoramiento t\u00e9cnico textil"},"content":{"rendered":"","protected":false},"excerpt":{"rendered":"","protected":false},"author":1,"featured_media":0,"parent":0,"menu_order":0,"comment_status":"closed","ping_status":"closed","template":"template-single-service.php","meta":{"footnotes":""},"class_list":["post-1951","page","type-page","status-publish","hentry","entry"],"acf":[],"yoast_head":"<!-- This site is optimized with the Yoast SEO Premium plugin v22.5 (Yoast SEO v22.5) - https:\/\/yoast.com\/wordpress\/plugins\/seo\/ -->\n<title>SgT, the Textile Quality Experts | Textile Technical Advisory<\/title>\n<meta name=\"description\" content=\"Development follow-up and pre-production textile sample validation are fundamental to assuring the overall quality, conformity and compliance\" \/>\n<meta name=\"robots\" content=\"index, follow, max-snippet:-1, max-image-preview:large, max-video-preview:-1\" \/>\n<link rel=\"canonical\" href=\"https:\/\/www.sgtgroup.net\/es\/asesoramiento-tecnico-textil\/\" \/>\n<meta property=\"og:locale\" content=\"es_ES\" \/>\n<meta property=\"og:type\" content=\"article\" \/>\n<meta property=\"og:title\" content=\"Textile Technical Advisory\" \/>\n<meta property=\"og:description\" content=\"Development follow-up and pre-production textile sample validation are fundamental to assuring the overall quality, conformity and compliance\" \/>\n<meta property=\"og:url\" content=\"https:\/\/www.sgtgroup.net\/es\/asesoramiento-tecnico-textil\/\" \/>\n<meta property=\"og:site_name\" content=\"SgT, The Textile Quality Experts\" \/>\n<meta property=\"article:modified_time\" content=\"2023-11-13T17:29:38+00:00\" \/>\n<meta name=\"twitter:card\" content=\"summary_large_image\" \/>\n<script type=\"application\/ld+json\" class=\"yoast-schema-graph\">{\"@context\":\"https:\/\/schema.org\",\"@graph\":[{\"@type\":\"WebPage\",\"@id\":\"https:\/\/www.sgtgroup.net\/textile-technical-advisory\/\",\"url\":\"https:\/\/www.sgtgroup.net\/textile-technical-advisory\/\",\"name\":\"SgT, the Textile Quality Experts | Textile Technical Advisory\",\"isPartOf\":{\"@id\":\"https:\/\/www.sgtgroup.net\/#website\"},\"datePublished\":\"2022-05-13T11:44:59+00:00\",\"dateModified\":\"2023-11-13T17:29:38+00:00\",\"description\":\"Development follow-up and pre-production textile sample validation are fundamental to assuring the overall quality, conformity and compliance\",\"breadcrumb\":{\"@id\":\"https:\/\/www.sgtgroup.net\/textile-technical-advisory\/#breadcrumb\"},\"inLanguage\":\"es\",\"potentialAction\":[{\"@type\":\"ReadAction\",\"target\":[\"https:\/\/www.sgtgroup.net\/textile-technical-advisory\/\"]}]},{\"@type\":\"BreadcrumbList\",\"@id\":\"https:\/\/www.sgtgroup.net\/textile-technical-advisory\/#breadcrumb\",\"itemListElement\":[{\"@type\":\"ListItem\",\"position\":1,\"name\":\"Home\",\"item\":\"https:\/\/www.sgtgroup.net\/\"},{\"@type\":\"ListItem\",\"position\":2,\"name\":\"Textile Technical Advisory\"}]},{\"@type\":\"WebSite\",\"@id\":\"https:\/\/www.sgtgroup.net\/#website\",\"url\":\"https:\/\/www.sgtgroup.net\/\",\"name\":\"SgT, The Textile Quality Experts\",\"description\":\"\",\"publisher\":{\"@id\":\"https:\/\/www.sgtgroup.net\/#organization\"},\"potentialAction\":[{\"@type\":\"SearchAction\",\"target\":{\"@type\":\"EntryPoint\",\"urlTemplate\":\"https:\/\/www.sgtgroup.net\/?s={search_term_string}\"},\"query-input\":\"required name=search_term_string\"}],\"inLanguage\":\"es\"},{\"@type\":\"Organization\",\"@id\":\"https:\/\/www.sgtgroup.net\/#organization\",\"name\":\"SgT, The Textile Quality Experts\",\"url\":\"https:\/\/www.sgtgroup.net\/\",\"logo\":{\"@type\":\"ImageObject\",\"inLanguage\":\"es\",\"@id\":\"https:\/\/www.sgtgroup.net\/#\/schema\/logo\/image\/\",\"url\":\"https:\/\/www.sgtgroup.net\/wp-content\/uploads\/2022\/03\/logo_sgt.png\",\"contentUrl\":\"https:\/\/www.sgtgroup.net\/wp-content\/uploads\/2022\/03\/logo_sgt.png\",\"width\":208,\"height\":194,\"caption\":\"SgT, The Textile Quality Experts\"},\"image\":{\"@id\":\"https:\/\/www.sgtgroup.net\/#\/schema\/logo\/image\/\"},\"sameAs\":[\"https:\/\/youtube.com\/@sgtgroup4075\",\"https:\/\/www.linkedin.com\/company\/sgt-group\"]}]}<\/script>\n<!-- \/ Yoast SEO Premium plugin. -->","yoast_head_json":{"title":"SgT, los expertos en calidad textil | Asesoramiento t\u00e9cnico textil","description":"El seguimiento del desarrollo y la validaci\u00f3n de las muestras textiles antes de la producci\u00f3n son fundamentales para garantizar la calidad, la conformidad y el cumplimiento generales.","robots":{"index":"index","follow":"follow","max-snippet":"max-snippet:-1","max-image-preview":"max-image-preview:large","max-video-preview":"max-video-preview:-1"},"canonical":"https:\/\/www.sgtgroup.net\/es\/asesoramiento-tecnico-textil\/","og_locale":"es_ES","og_type":"article","og_title":"Textile Technical Advisory","og_description":"Development follow-up and pre-production textile sample validation are fundamental to assuring the overall quality, conformity and compliance","og_url":"https:\/\/www.sgtgroup.net\/es\/asesoramiento-tecnico-textil\/","og_site_name":"SgT, The Textile Quality Experts","article_modified_time":"2023-11-13T17:29:38+00:00","twitter_card":"summary_large_image","schema":{"@context":"https:\/\/schema.org","@graph":[{"@type":"WebPage","@id":"https:\/\/www.sgtgroup.net\/textile-technical-advisory\/","url":"https:\/\/www.sgtgroup.net\/textile-technical-advisory\/","name":"SgT, los expertos en calidad textil | Asesoramiento t\u00e9cnico textil","isPartOf":{"@id":"https:\/\/www.sgtgroup.net\/#website"},"datePublished":"2022-05-13T11:44:59+00:00","dateModified":"2023-11-13T17:29:38+00:00","description":"El seguimiento del desarrollo y la validaci\u00f3n de las muestras textiles antes de la producci\u00f3n son fundamentales para garantizar la calidad, la conformidad y el cumplimiento generales.","breadcrumb":{"@id":"https:\/\/www.sgtgroup.net\/textile-technical-advisory\/#breadcrumb"},"inLanguage":"es","potentialAction":[{"@type":"ReadAction","target":["https:\/\/www.sgtgroup.net\/textile-technical-advisory\/"]}]},{"@type":"BreadcrumbList","@id":"https:\/\/www.sgtgroup.net\/textile-technical-advisory\/#breadcrumb","itemListElement":[{"@type":"ListItem","position":1,"name":"Home","item":"https:\/\/www.sgtgroup.net\/"},{"@type":"ListItem","position":2,"name":"Textile Technical Advisory"}]},{"@type":"WebSite","@id":"https:\/\/www.sgtgroup.net\/#website","url":"https:\/\/www.sgtgroup.net\/","name":"SgT, los expertos en calidad textil","description":"","publisher":{"@id":"https:\/\/www.sgtgroup.net\/#organization"},"potentialAction":[{"@type":"SearchAction","target":{"@type":"EntryPoint","urlTemplate":"https:\/\/www.sgtgroup.net\/?s={search_term_string}"},"query-input":"required name=search_term_string"}],"inLanguage":"es"},{"@type":"Organization","@id":"https:\/\/www.sgtgroup.net\/#organization","name":"SgT, los expertos en calidad textil","url":"https:\/\/www.sgtgroup.net\/","logo":{"@type":"ImageObject","inLanguage":"es","@id":"https:\/\/www.sgtgroup.net\/#\/schema\/logo\/image\/","url":"https:\/\/www.sgtgroup.net\/wp-content\/uploads\/2022\/03\/logo_sgt.png","contentUrl":"https:\/\/www.sgtgroup.net\/wp-content\/uploads\/2022\/03\/logo_sgt.png","width":208,"height":194,"caption":"SgT, The Textile Quality Experts"},"image":{"@id":"https:\/\/www.sgtgroup.net\/#\/schema\/logo\/image\/"},"sameAs":["https:\/\/youtube.com\/@sgtgroup4075","https:\/\/www.linkedin.com\/company\/sgt-group"]}]}},"_links":{"self":[{"href":"https:\/\/www.sgtgroup.net\/es\/wp-json\/wp\/v2\/pages\/1951","targetHints":{"allow":["GET"]}}],"collection":[{"href":"https:\/\/www.sgtgroup.net\/es\/wp-json\/wp\/v2\/pages"}],"about":[{"href":"https:\/\/www.sgtgroup.net\/es\/wp-json\/wp\/v2\/types\/page"}],"author":[{"embeddable":true,"href":"https:\/\/www.sgtgroup.net\/es\/wp-json\/wp\/v2\/users\/1"}],"replies":[{"embeddable":true,"href":"https:\/\/www.sgtgroup.net\/es\/wp-json\/wp\/v2\/comments?post=1951"}],"version-history":[{"count":0,"href":"https:\/\/www.sgtgroup.net\/es\/wp-json\/wp\/v2\/pages\/1951\/revisions"}],"wp:attachment":[{"href":"https:\/\/www.sgtgroup.net\/es\/wp-json\/wp\/v2\/media?parent=1951"}],"curies":[{"name":"wp","href":"https:\/\/api.w.org\/{rel}","templated":true}]}}